{"id":569,"date":"2019-10-31T09:59:36","date_gmt":"2019-10-31T08:59:36","guid":{"rendered":"https:\/\/www.leidorf.com\/?page_id=569"},"modified":"2025-02-20T11:40:14","modified_gmt":"2025-02-20T10:40:14","slug":"bsh-handel-platten-plattenwerkstoffe-holz","status":"publish","type":"page","link":"https:\/\/www.leidorf.com\/fi\/bsh-handel-platten-plattenwerkstoffe-holz\/","title":{"rendered":"BSH \/ Paneelimateriaalien kauppa"},"content":{"rendered":"<div data-elementor-type=\"wp-post\" data-elementor-id=\"569\" class=\"elementor elementor-569\" data-elementor-post-type=\"page\">\n\t\t\t\t\t\t<section class=\"elementor-section elementor-top-section elementor-element elementor-element-61db1c0 elementor-section-stretched elementor-section-full_width elementor-section-height-min-height elementor-section-height-default elementor-section-items-middle\" data-id=\"61db1c0\" data-element_type=\"section\" data-e-type=\"section\" data-settings=\"{&quot;stretch_section&quot;:&quot;section-stretched&quot;,&quot;background_background&quot;:&quot;classic&quot;}\">\n\t\t\t\t\t\t\t<div class=\"elementor-background-overlay\"><\/div>\n\t\t\t\t\t\t\t<div class=\"elementor-container elementor-column-gap-default\">\n\t\t\t\t\t<div class=\"elementor-column elementor-col-100 elementor-top-column elementor-element elementor-element-4fd0a44\" data-id=\"4fd0a44\" data-element_type=\"column\" data-e-type=\"column\">\n\t\t\t<div class=\"elementor-widget-wrap elementor-element-populated\">\n\t\t\t\t\t\t<div class=\"elementor-element elementor-element-87eff15 elementor-widget elementor-widget-heading\" data-id=\"87eff15\" data-element_type=\"widget\" data-e-type=\"widget\" data-widget_type=\"heading.default\">\n\t\t\t\t<div class=\"elementor-widget-container\">\n\t\t\t\t\t<h1 class=\"elementor-heading-title elementor-size-default\">XL Wood<\/h1>\t\t\t\t<\/div>\n\t\t\t\t<\/div>\n\t\t\t\t<div class=\"elementor-element elementor-element-be10cee elementor-widget elementor-widget-heading\" data-id=\"be10cee\" data-element_type=\"widget\" data-e-type=\"widget\" data-widget_type=\"heading.default\">\n\t\t\t\t<div class=\"elementor-widget-container\">\n\t\t\t\t\t<p class=\"elementor-heading-title elementor-size-default\">Kauppa<\/p>\t\t\t\t<\/div>\n\t\t\t\t<\/div>\n\t\t\t\t\t<\/div>\n\t\t<\/div>\n\t\t\t\t\t<\/div>\n\t\t<\/section>\n\t\t\t\t<section class=\"elementor-section elementor-top-section elementor-element elementor-element-757e402 elementor-section-boxed elementor-section-height-default elementor-section-height-default\" data-id=\"757e402\" data-element_type=\"section\" data-e-type=\"section\">\n\t\t\t\t\t\t<div class=\"elementor-container elementor-column-gap-default\">\n\t\t\t\t\t<div class=\"elementor-column elementor-col-100 elementor-top-column elementor-element elementor-element-60ee1d9\" data-id=\"60ee1d9\" data-element_type=\"column\" data-e-type=\"column\">\n\t\t\t<div class=\"elementor-widget-wrap elementor-element-populated\">\n\t\t\t\t\t\t<div class=\"elementor-element elementor-element-1517155 elementor-widget elementor-widget-heading\" data-id=\"1517155\" data-element_type=\"widget\" data-e-type=\"widget\" data-widget_type=\"heading.default\">\n\t\t\t\t<div class=\"elementor-widget-container\">\n\t\t\t\t\t<h2 class=\"elementor-heading-title elementor-size-default\">Leidorf GmbH on \n<b>Toimittajasi <br>CLT, Furnierschichtholz, Kerto<\/b><\/h2>\t\t\t\t<\/div>\n\t\t\t\t<\/div>\n\t\t\t\t<div class=\"elementor-element elementor-element-c5c9fc2 elementor-widget elementor-widget-image\" data-id=\"c5c9fc2\" data-element_type=\"widget\" data-e-type=\"widget\" data-widget_type=\"image.default\">\n\t\t\t\t<div class=\"elementor-widget-container\">\n\t\t\t\t\t\t\t\t\t\t\t\t\t\t\t<img fetchpriority=\"high\" decoding=\"async\" width=\"300\" height=\"300\" src=\"https:\/\/www.leidorf.com\/wp-content\/uploads\/2019\/10\/BSP...-gibts-auch-bei-Leidorf3-300x300.png\" class=\"attachment-medium size-medium wp-image-436\" alt=\"CLT 4 Wochen Lieferzeit\" srcset=\"https:\/\/www.leidorf.com\/wp-content\/uploads\/2019\/10\/BSP...-gibts-auch-bei-Leidorf3-300x300.png 300w, https:\/\/www.leidorf.com\/wp-content\/uploads\/2019\/10\/BSP...-gibts-auch-bei-Leidorf3-100x100.png 100w, https:\/\/www.leidorf.com\/wp-content\/uploads\/2019\/10\/BSP...-gibts-auch-bei-Leidorf3-600x600.png 600w, https:\/\/www.leidorf.com\/wp-content\/uploads\/2019\/10\/BSP...-gibts-auch-bei-Leidorf3-150x150.png 150w, https:\/\/www.leidorf.com\/wp-content\/uploads\/2019\/10\/BSP...-gibts-auch-bei-Leidorf3-768x768.png 768w, https:\/\/www.leidorf.com\/wp-content\/uploads\/2019\/10\/BSP...-gibts-auch-bei-Leidorf3-1024x1024.png 1024w, https:\/\/www.leidorf.com\/wp-content\/uploads\/2019\/10\/BSP...-gibts-auch-bei-Leidorf3.png 1080w\" sizes=\"(max-width: 300px) 100vw, 300px\" \/>\t\t\t\t\t\t\t\t\t\t\t\t\t\t\t<\/div>\n\t\t\t\t<\/div>\n\t\t\t\t<div class=\"elementor-element elementor-element-0ba66f4 elementor-widget-divider--view-line elementor-widget elementor-widget-divider\" data-id=\"0ba66f4\" data-element_type=\"widget\" data-e-type=\"widget\" data-widget_type=\"divider.default\">\n\t\t\t\t<div class=\"elementor-widget-container\">\n\t\t\t\t\t\t\t<div class=\"elementor-divider\">\n\t\t\t<span class=\"elementor-divider-separator\">\n\t\t\t\t\t\t<\/span>\n\t\t<\/div>\n\t\t\t\t\t\t<\/div>\n\t\t\t\t<\/div>\n\t\t\t\t<div class=\"elementor-element elementor-element-5d51a10 elementor-position-top elementor-widget elementor-widget-image-box\" data-id=\"5d51a10\" data-element_type=\"widget\" data-e-type=\"widget\" data-widget_type=\"image-box.default\">\n\t\t\t\t<div class=\"elementor-widget-container\">\n\t\t\t\t\t<div class=\"elementor-image-box-wrapper\"><figure class=\"elementor-image-box-img\"><img decoding=\"async\" width=\"1600\" height=\"1011\" src=\"https:\/\/www.leidorf.com\/wp-content\/uploads\/2019\/08\/CLt.jpg\" class=\"attachment-full size-full wp-image-173\" alt=\"CLT KURZE LIEFERZEIT\" srcset=\"https:\/\/www.leidorf.com\/wp-content\/uploads\/2019\/08\/CLt.jpg 1600w, https:\/\/www.leidorf.com\/wp-content\/uploads\/2019\/08\/CLt-600x379.jpg 600w, https:\/\/www.leidorf.com\/wp-content\/uploads\/2019\/08\/CLt-300x189.jpg 300w, https:\/\/www.leidorf.com\/wp-content\/uploads\/2019\/08\/CLt-768x485.jpg 768w, https:\/\/www.leidorf.com\/wp-content\/uploads\/2019\/08\/CLt-1024x647.jpg 1024w\" sizes=\"(max-width: 1600px) 100vw, 1600px\" \/><\/figure><div class=\"elementor-image-box-content\"><h3 class=\"elementor-image-box-title\">CLT<\/h3><p class=\"elementor-image-box-description\"><strong>Olemme ristiinliimattujen puutavaralankkujen \/ CLT:n myynnin asiantuntijoita. Meill\u00e4 on kiinti\u00f6t kaikkien valmistajien kanssa, joten voimme tarjota sinulle 4-6 viikon toimitusajan ymp\u00e4ri vuoden. <br>Halutessasi voimme k\u00e4sitell\u00e4 ristiinlaminoidun puutavaran mink\u00e4 tahansa muotoiseksi CNC-robottij\u00e4rjestelm\u00e4ll\u00e4mme. Poraus, jyrsint\u00e4, leikkaus. Robotillemme \"Paulille\" ei ole v\u00e4li\u00e4, jauhammeko suorakulmaisia vai vapaita muotoja. H\u00e4n tarjoaa sinulle kaiken tarvitsemasi vapauden!<br><br>CLT<\/strong>=<strong>C<\/strong>ross <strong>L<\/strong>aminoitu <strong>T<\/strong>imber tai ristiinliimattu puutavara (BSP)<br>Paneelin paksuudet: 60 - 320 mm<br>Leveys: 2,25 m, 2,45 m, 2,75 m, 2,95 m, erikoisleveydet tilauksesta.<br>Paneelin pituus: 8.0m - 16.0m<br>Ominaisuudet: Teollinen laatu, muu kuin visuaalinen laatu, visuaalinen laatu<\/p><\/div><\/div>\t\t\t\t<\/div>\n\t\t\t\t<\/div>\n\t\t\t\t<div class=\"elementor-element elementor-element-5ac9df1 elementor-widget-divider--view-line elementor-widget elementor-widget-divider\" data-id=\"5ac9df1\" data-element_type=\"widget\" data-e-type=\"widget\" data-widget_type=\"divider.default\">\n\t\t\t\t<div class=\"elementor-widget-container\">\n\t\t\t\t\t\t\t<div class=\"elementor-divider\">\n\t\t\t<span class=\"elementor-divider-separator\">\n\t\t\t\t\t\t<\/span>\n\t\t<\/div>\n\t\t\t\t\t\t<\/div>\n\t\t\t\t<\/div>\n\t\t\t\t<div class=\"elementor-element elementor-element-6b1da19 elementor-position-top elementor-widget elementor-widget-image-box\" data-id=\"6b1da19\" data-element_type=\"widget\" data-e-type=\"widget\" data-widget_type=\"image-box.default\">\n\t\t\t\t<div class=\"elementor-widget-container\">\n\t\t\t\t\t<div class=\"elementor-image-box-wrapper\"><figure class=\"elementor-image-box-img\"><img decoding=\"async\" width=\"214\" height=\"214\" src=\"https:\/\/www.leidorf.com\/wp-content\/uploads\/2019\/08\/Kerto_wei\u00df_web.jpg\" class=\"attachment-full size-full wp-image-170\" alt=\"Kerto \u00d6sterreich lagernd Leidorf\" srcset=\"https:\/\/www.leidorf.com\/wp-content\/uploads\/2019\/08\/Kerto_wei\u00df_web.jpg 214w, https:\/\/www.leidorf.com\/wp-content\/uploads\/2019\/08\/Kerto_wei\u00df_web-100x100.jpg 100w, https:\/\/www.leidorf.com\/wp-content\/uploads\/2019\/08\/Kerto_wei\u00df_web-150x150.jpg 150w\" sizes=\"(max-width: 214px) 100vw, 214px\" \/><\/figure><div class=\"elementor-image-box-content\"><h3 class=\"elementor-image-box-title\">Kerto \/ laminoitu viilupuu<\/h3><p class=\"elementor-image-box-description\"><p>Varastoitu toimipaikassa A-4973 St. Martin im Innkreis.<\/p>\n<ul><li><strong>Palkki ja levy<\/strong><br>Paksuudet: 21, 24,27, 33, 39, 45, 51, 63, 69, 75mm.<br>Leveys: 1,82 m ja 2,5 m.<br>Pituudet: enint\u00e4\u00e4n 20 m<\/li><\/ul><\/p><\/div><\/div>\t\t\t\t<\/div>\n\t\t\t\t<\/div>\n\t\t\t\t\t<\/div>\n\t\t<\/div>\n\t\t\t\t\t<\/div>\n\t\t<\/section>\n\t\t\t\t<section class=\"elementor-section elementor-top-section elementor-element elementor-element-849c477 elementor-section-boxed elementor-section-height-default elementor-section-height-default\" data-id=\"849c477\" data-element_type=\"section\" data-e-type=\"section\">\n\t\t\t\t\t\t<div class=\"elementor-container elementor-column-gap-default\">\n\t\t\t\t\t<div class=\"elementor-column elementor-col-50 elementor-top-column elementor-element elementor-element-4c61f37\" data-id=\"4c61f37\" data-element_type=\"column\" data-e-type=\"column\">\n\t\t\t<div class=\"elementor-widget-wrap elementor-element-populated\">\n\t\t\t\t\t\t<div class=\"elementor-element elementor-element-36ea146 elementor-widget elementor-widget-image\" data-id=\"36ea146\" data-element_type=\"widget\" data-e-type=\"widget\" data-widget_type=\"image.default\">\n\t\t\t\t<div class=\"elementor-widget-container\">\n\t\t\t\t\t\t\t\t\t\t\t\t\t\t\t\t<a href=\"http:\/\/toolbox.metsawood.de\/\" target=\"_blank\" rel=\"noopener\">\n\t\t\t\t\t\t\t<img decoding=\"async\" src=\"https:\/\/www.leidorf.com\/wp-content\/uploads\/elementor\/thumbs\/Kerto-Vergleich-mit-BSH-1-oyzod7ut1y8o914t1b2wb3i67vf14a0evy64i0nhfk.png\" title=\"Kerto-vertailu BSH:n kanssa\" alt=\"Kerto Vergleich mit BSH\" loading=\"lazy\" \/>\t\t\t\t\t\t\t\t<\/a>\n\t\t\t\t\t\t\t\t\t\t\t\t\t\t\t<\/div>\n\t\t\t\t<\/div>\n\t\t\t\t<div class=\"elementor-element elementor-element-c85b503 elementor-align-center elementor-widget elementor-widget-button\" data-id=\"c85b503\" data-element_type=\"widget\" data-e-type=\"widget\" data-widget_type=\"button.default\">\n\t\t\t\t<div class=\"elementor-widget-container\">\n\t\t\t\t\t\t\t\t\t<div class=\"elementor-button-wrapper\">\n\t\t\t\t\t<a class=\"elementor-button elementor-button-link elementor-size-sm\" href=\"http:\/\/toolbox.metsawood.de\/\" target=\"_blank\" rel=\"noopener\">\n\t\t\t\t\t\t<span class=\"elementor-button-content-wrapper\">\n\t\t\t\t\t\t\t\t\t<span class=\"elementor-button-text\">Kerto-kattolevyjen ja palkkien esimitoitus KLIKKAA T\u00c4ST\u00c4!<\/span>\n\t\t\t\t\t<\/span>\n\t\t\t\t\t<\/a>\n\t\t\t\t<\/div>\n\t\t\t\t\t\t\t\t<\/div>\n\t\t\t\t<\/div>\n\t\t\t\t\t<\/div>\n\t\t<\/div>\n\t\t\t\t<div class=\"elementor-column elementor-col-50 elementor-top-column elementor-element elementor-element-81ab575\" data-id=\"81ab575\" data-element_type=\"column\" data-e-type=\"column\">\n\t\t\t<div class=\"elementor-widget-wrap elementor-element-populated\">\n\t\t\t\t\t\t<div class=\"elementor-element elementor-element-3e4175b elementor-widget elementor-widget-image\" data-id=\"3e4175b\" data-element_type=\"widget\" data-e-type=\"widget\" data-widget_type=\"image.default\">\n\t\t\t\t<div class=\"elementor-widget-container\">\n\t\t\t\t\t\t\t\t\t\t\t\t\t\t\t\t<a href=\"https:\/\/www.leidorf.com\/wp-content\/uploads\/2019\/10\/lvl-handbook.pdf\">\n\t\t\t\t\t\t\t<img decoding=\"async\" src=\"https:\/\/www.leidorf.com\/wp-content\/uploads\/elementor\/thumbs\/LVL-Handbook-Europe-2019-oyzofmbyipj1x5n70cgkohokvbkssfjpvu6snh39j4.png\" title=\"LVL Handbook Europe 2019\" alt=\"LVL Handbook Europe 2019 download\" loading=\"lazy\" \/>\t\t\t\t\t\t\t\t<\/a>\n\t\t\t\t\t\t\t\t\t\t\t\t\t\t\t<\/div>\n\t\t\t\t<\/div>\n\t\t\t\t\t<\/div>\n\t\t<\/div>\n\t\t\t\t\t<\/div>\n\t\t<\/section>\n\t\t\t\t<section class=\"elementor-section elementor-top-section elementor-element elementor-element-a5bfb2e elementor-section-boxed elementor-section-height-default elementor-section-height-default\" data-id=\"a5bfb2e\" data-element_type=\"section\" data-e-type=\"section\">\n\t\t\t\t\t\t<div class=\"elementor-container elementor-column-gap-default\">\n\t\t\t\t\t<div class=\"elementor-column elementor-col-100 elementor-top-column elementor-element elementor-element-1ecd197\" data-id=\"1ecd197\" data-element_type=\"column\" data-e-type=\"column\">\n\t\t\t<div class=\"elementor-widget-wrap elementor-element-populated\">\n\t\t\t\t\t\t<div class=\"elementor-element elementor-element-5fd8927 elementor-widget-divider--view-line elementor-widget elementor-widget-divider\" data-id=\"5fd8927\" data-element_type=\"widget\" data-e-type=\"widget\" data-widget_type=\"divider.default\">\n\t\t\t\t<div class=\"elementor-widget-container\">\n\t\t\t\t\t\t\t<div class=\"elementor-divider\">\n\t\t\t<span class=\"elementor-divider-separator\">\n\t\t\t\t\t\t<\/span>\n\t\t<\/div>\n\t\t\t\t\t\t<\/div>\n\t\t\t\t<\/div>\n\t\t\t\t<div class=\"elementor-element elementor-element-c6362c2 elementor-widget elementor-widget-image-box\" data-id=\"c6362c2\" data-element_type=\"widget\" data-e-type=\"widget\" data-widget_type=\"image-box.default\">\n\t\t\t\t<div class=\"elementor-widget-container\">\n\t\t\t\t\t<div class=\"elementor-image-box-wrapper\"><div class=\"elementor-image-box-content\"><h3 class=\"elementor-image-box-title\">BSH<\/h3><p class=\"elementor-image-box-description\">Liimapuu, jota kutsutaan usein \"liimapuuksi\".<\/p><\/div><\/div>\t\t\t\t<\/div>\n\t\t\t\t<\/div>\n\t\t\t\t\t<\/div>\n\t\t<\/div>\n\t\t\t\t\t<\/div>\n\t\t<\/section>\n\t\t\t\t<section class=\"elementor-section elementor-top-section elementor-element elementor-element-555dfbb elementor-section-boxed elementor-section-height-default elementor-section-height-default\" data-id=\"555dfbb\" data-element_type=\"section\" data-e-type=\"section\">\n\t\t\t\t\t\t<div class=\"elementor-container elementor-column-gap-default\">\n\t\t\t\t\t<div class=\"elementor-column elementor-col-100 elementor-top-column elementor-element elementor-element-271283a\" data-id=\"271283a\" data-element_type=\"column\" data-e-type=\"column\">\n\t\t\t<div class=\"elementor-widget-wrap elementor-element-populated\">\n\t\t\t\t\t\t<div class=\"elementor-element elementor-element-6187d72 elementor-widget-divider--view-line elementor-widget elementor-widget-divider\" data-id=\"6187d72\" data-element_type=\"widget\" data-e-type=\"widget\" data-widget_type=\"divider.default\">\n\t\t\t\t<div class=\"elementor-widget-container\">\n\t\t\t\t\t\t\t<div class=\"elementor-divider\">\n\t\t\t<span class=\"elementor-divider-separator\">\n\t\t\t\t\t\t<\/span>\n\t\t<\/div>\n\t\t\t\t\t\t<\/div>\n\t\t\t\t<\/div>\n\t\t\t\t<div class=\"elementor-element elementor-element-853f2b6 elementor-widget elementor-widget-image-box\" data-id=\"853f2b6\" data-element_type=\"widget\" data-e-type=\"widget\" data-widget_type=\"image-box.default\">\n\t\t\t\t<div class=\"elementor-widget-container\">\n\t\t\t\t\t<div class=\"elementor-image-box-wrapper\"><div class=\"elementor-image-box-content\"><h3 class=\"elementor-image-box-title\">Muut paneelimateriaalit<\/h3><p class=\"elementor-image-box-description\">kuten 3-kerroksiset levyt, vaneri,...<\/p><\/div><\/div>\t\t\t\t<\/div>\n\t\t\t\t<\/div>\n\t\t\t\t<div class=\"elementor-element elementor-element-a2e7b2f elementor-widget-divider--view-line elementor-widget elementor-widget-divider\" data-id=\"a2e7b2f\" data-element_type=\"widget\" data-e-type=\"widget\" data-widget_type=\"divider.default\">\n\t\t\t\t<div class=\"elementor-widget-container\">\n\t\t\t\t\t\t\t<div class=\"elementor-divider\">\n\t\t\t<span class=\"elementor-divider-separator\">\n\t\t\t\t\t\t<\/span>\n\t\t<\/div>\n\t\t\t\t\t\t<\/div>\n\t\t\t\t<\/div>\n\t\t\t\t\t<\/div>\n\t\t<\/div>\n\t\t\t\t\t<\/div>\n\t\t<\/section>\n\t\t\t\t<section class=\"elementor-section elementor-top-section elementor-element elementor-element-4f992b1 elementor-section-boxed elementor-section-height-default elementor-section-height-default\" data-id=\"4f992b1\" data-element_type=\"section\" data-e-type=\"section\">\n\t\t\t\t\t\t<div class=\"elementor-container elementor-column-gap-default\">\n\t\t\t\t\t<div class=\"elementor-column elementor-col-100 elementor-top-column elementor-element elementor-element-4694ef8\" data-id=\"4694ef8\" data-element_type=\"column\" data-e-type=\"column\">\n\t\t\t<div class=\"elementor-widget-wrap elementor-element-populated\">\n\t\t\t\t\t\t<div class=\"elementor-element elementor-element-7cfdcdd elementor-widget elementor-widget-testimonial\" data-id=\"7cfdcdd\" data-element_type=\"widget\" data-e-type=\"widget\" data-widget_type=\"testimonial.default\">\n\t\t\t\t<div class=\"elementor-widget-container\">\n\t\t\t\t\t\t\t<div class=\"elementor-testimonial-wrapper\">\n\t\t\t\t\t\t\t<div class=\"elementor-testimonial-content\">\"Durch unser Lager von CLT, Furnierschichtholz, Kerto | LVL in \u00d6sterreich bieten wir sehr kurze Lieferzeiten und minimale Frachtkosten\"<\/div>\n\t\t\t\n\t\t\t\t\t\t<div class=\"elementor-testimonial-meta elementor-has-image elementor-testimonial-image-position-aside\">\n\t\t\t\t<div class=\"elementor-testimonial-meta-inner\">\n\t\t\t\t\t\t\t\t\t\t\t<div class=\"elementor-testimonial-image\">\n\t\t\t\t\t\t\t<img loading=\"lazy\" decoding=\"async\" width=\"1024\" height=\"1024\" src=\"https:\/\/www.leidorf.com\/wp-content\/uploads\/2019\/10\/Alexander-Leidorf-Bild.png\" class=\"attachment-full size-full wp-image-437\" alt=\"\" srcset=\"https:\/\/www.leidorf.com\/wp-content\/uploads\/2019\/10\/Alexander-Leidorf-Bild.png 1024w, https:\/\/www.leidorf.com\/wp-content\/uploads\/2019\/10\/Alexander-Leidorf-Bild-300x300.png 300w, https:\/\/www.leidorf.com\/wp-content\/uploads\/2019\/10\/Alexander-Leidorf-Bild-100x100.png 100w, https:\/\/www.leidorf.com\/wp-content\/uploads\/2019\/10\/Alexander-Leidorf-Bild-600x600.png 600w, https:\/\/www.leidorf.com\/wp-content\/uploads\/2019\/10\/Alexander-Leidorf-Bild-150x150.png 150w, https:\/\/www.leidorf.com\/wp-content\/uploads\/2019\/10\/Alexander-Leidorf-Bild-768x768.png 768w\" sizes=\"(max-width: 1024px) 100vw, 1024px\" \/>\t\t\t\t\t\t<\/div>\n\t\t\t\t\t\n\t\t\t\t\t\t\t\t\t\t<div class=\"elementor-testimonial-details\">\n\t\t\t\t\t\t\t\t\t\t\t\t\t\t<div class=\"elementor-testimonial-name\">Alexander Leidorf<\/div>\n\t\t\t\t\t\t\t\t\t\t\t\t\t\t\t\t\t\t\t\t\t\t<div class=\"elementor-testimonial-job\">Leidorf GmbH:n perustaja ja toimitusjohtaja<\/div>\n\t\t\t\t\t\t\t\t\t\t\t\t\t<\/div>\n\t\t\t\t\t\t\t\t\t<\/div>\n\t\t\t<\/div>\n\t\t\t\t\t<\/div>\n\t\t\t\t\t\t<\/div>\n\t\t\t\t<\/div>\n\t\t\t\t<div class=\"elementor-element elementor-element-7121d4b elementor-widget elementor-widget-spacer\" data-id=\"7121d4b\" data-element_type=\"widget\" data-e-type=\"widget\" data-widget_type=\"spacer.default\">\n\t\t\t\t<div class=\"elementor-widget-container\">\n\t\t\t\t\t\t\t<div class=\"elementor-spacer\">\n\t\t\t<div class=\"elementor-spacer-inner\"><\/div>\n\t\t<\/div>\n\t\t\t\t\t\t<\/div>\n\t\t\t\t<\/div>\n\t\t\t\t\t<\/div>\n\t\t<\/div>\n\t\t\t\t\t<\/div>\n\t\t<\/section>\n\t\t\t\t<\/div>","protected":false},"excerpt":{"rendered":"<p>XL Holz Handel Die Leidorf GmbH ist Ihr Lieferant f\u00fcr CLT, Furnierschichtholz, Kerto CLT Wir sind Spezialisten f\u00fcr den Verkauf von Brettsperrholz \/ CLT. Wir haben Kontingente bei allen Herstellern k\u00f6nnen wir Ihnen eine ganzj\u00e4hrige Lieferzeit von 4 &#8211; 6 Wochen bieten. Wenn Sie es w\u00fcnschen k\u00f6nnen wir mit unserer Roboter-CNC-Anlage das Brettsperrholz in jeglicher [&hellip;]<\/p>\n","protected":false},"author":1,"featured_media":0,"parent":0,"menu_order":0,"comment_status":"closed","ping_status":"closed","template":"","meta":{"ocean_post_layout":"","ocean_both_sidebars_style":"","ocean_both_sidebars_content_width":0,"ocean_both_sidebars_sidebars_width":0,"ocean_sidebar":"0","ocean_second_sidebar":"0","ocean_disable_margins":"enable","ocean_add_body_class":"","ocean_shortcode_before_top_bar":"","ocean_shortcode_after_top_bar":"","ocean_shortcode_before_header":"","ocean_shortcode_after_header":"","ocean_has_shortcode":"","ocean_shortcode_after_title":"","ocean_shortcode_before_footer_widgets":"","ocean_shortcode_after_footer_widgets":"","ocean_shortcode_before_footer_bottom":"","ocean_shortcode_after_footer_bottom":"","ocean_display_top_bar":"default","ocean_display_header":"default","ocean_header_style":"","ocean_center_header_left_menu":"0","ocean_custom_header_template":"0","ocean_custom_logo":0,"ocean_custom_retina_logo":0,"ocean_custom_logo_max_width":0,"ocean_custom_logo_tablet_max_width":0,"ocean_custom_logo_mobile_max_width":0,"ocean_custom_logo_max_height":0,"ocean_custom_logo_tablet_max_height":0,"ocean_custom_logo_mobile_max_height":0,"ocean_header_custom_menu":"0","ocean_menu_typo_font_family":"0","ocean_menu_typo_font_subset":"","ocean_menu_typo_font_size":0,"ocean_menu_typo_font_size_tablet":0,"ocean_menu_typo_font_size_mobile":0,"ocean_menu_typo_font_size_unit":"px","ocean_menu_typo_font_weight":"","ocean_menu_typo_font_weight_tablet":"","ocean_menu_typo_font_weight_mobile":"","ocean_menu_typo_transform":"","ocean_menu_typo_transform_tablet":"","ocean_menu_typo_transform_mobile":"","ocean_menu_typo_line_height":0,"ocean_menu_typo_line_height_tablet":0,"ocean_menu_typo_line_height_mobile":0,"ocean_menu_typo_line_height_unit":"","ocean_menu_typo_spacing":0,"ocean_menu_typo_spacing_tablet":0,"ocean_menu_typo_spacing_mobile":0,"ocean_menu_typo_spacing_unit":"","ocean_menu_link_color":"","ocean_menu_link_color_hover":"","ocean_menu_link_color_active":"","ocean_menu_link_background":"","ocean_menu_link_hover_background":"","ocean_menu_link_active_background":"","ocean_menu_social_links_bg":"","ocean_menu_social_hover_links_bg":"","ocean_menu_social_links_color":"","ocean_menu_social_hover_links_color":"","ocean_disable_title":"default","ocean_disable_heading":"default","ocean_post_title":"","ocean_post_subheading":"","ocean_post_title_style":"","ocean_post_title_background_color":"","ocean_post_title_background":0,"ocean_post_title_bg_image_position":"","ocean_post_title_bg_image_attachment":"","ocean_post_title_bg_image_repeat":"","ocean_post_title_bg_image_size":"","ocean_post_title_height":0,"ocean_post_title_bg_overlay":0.5,"ocean_post_title_bg_overlay_color":"","ocean_disable_breadcrumbs":"default","ocean_breadcrumbs_color":"","ocean_breadcrumbs_separator_color":"","ocean_breadcrumbs_links_color":"","ocean_breadcrumbs_links_hover_color":"","ocean_display_footer_widgets":"default","ocean_display_footer_bottom":"default","ocean_custom_footer_template":"0","footnotes":""},"class_list":["post-569","page","type-page","status-publish","hentry","entry","owp-thumbs-layout-horizontal","owp-btn-big","owp-tabs-layout-horizontal","has-no-thumbnails","has-product-nav"],"_links":{"self":[{"href":"https:\/\/www.leidorf.com\/fi\/wp-json\/wp\/v2\/pages\/569","targetHints":{"allow":["GET"]}}],"collection":[{"href":"https:\/\/www.leidorf.com\/fi\/wp-json\/wp\/v2\/pages"}],"about":[{"href":"https:\/\/www.leidorf.com\/fi\/wp-json\/wp\/v2\/types\/page"}],"author":[{"embeddable":true,"href":"https:\/\/www.leidorf.com\/fi\/wp-json\/wp\/v2\/users\/1"}],"replies":[{"embeddable":true,"href":"https:\/\/www.leidorf.com\/fi\/wp-json\/wp\/v2\/comments?post=569"}],"version-history":[{"count":14,"href":"https:\/\/www.leidorf.com\/fi\/wp-json\/wp\/v2\/pages\/569\/revisions"}],"predecessor-version":[{"id":13370,"href":"https:\/\/www.leidorf.com\/fi\/wp-json\/wp\/v2\/pages\/569\/revisions\/13370"}],"wp:attachment":[{"href":"https:\/\/www.leidorf.com\/fi\/wp-json\/wp\/v2\/media?parent=569"}],"curies":[{"name":"wp","href":"https:\/\/api.w.org\/{rel}","templated":true}]}}